{"id":23,"date":"2025-03-24T18:07:18","date_gmt":"2025-03-24T18:07:18","guid":{"rendered":"https:\/\/areadeinfluenciasc.com\/?page_id=23"},"modified":"2025-05-21T10:52:14","modified_gmt":"2025-05-21T16:52:14","slug":"contacto","status":"publish","type":"page","link":"https:\/\/areadeinfluenciasc.com\/en\/contacto\/","title":{"rendered":"Contact"},"content":{"rendered":"<div data-elementor-type=\"wp-page\" data-elementor-id=\"23\" class=\"elementor elementor-23\" data-elementor-post-type=\"page\">\n\t\t\t\t\t\t<section class=\"elementor-section elementor-top-section elementor-element elementor-element-0f4ae57 elementor-section-boxed elementor-section-height-default elementor-section-height-default\" data-id=\"0f4ae57\" data-element_type=\"section\" data-settings=\"{&quot;background_background&quot;:&quot;classic&quot;}\">\n\t\t\t\t\t\t<div class=\"elementor-container elementor-column-gap-default\">\n\t\t\t\t\t<div class=\"elementor-column elementor-col-100 elementor-top-column elementor-element elementor-element-9efe4f8\" data-id=\"9efe4f8\" data-element_type=\"column\">\n\t\t\t<div class=\"elementor-widget-wrap elementor-element-populated\">\n\t\t\t\t\t\t<div class=\"elementor-element elementor-element-a1785a2 elementor-widget elementor-widget-heading\" data-id=\"a1785a2\" data-element_type=\"widget\" data-widget_type=\"heading.default\">\n\t\t\t\t<div class=\"elementor-widget-container\">\n\t\t\t\t\t<h1 class=\"elementor-heading-title elementor-size-default\">Contact Us<\/h1>\t\t\t\t<\/div>\n\t\t\t\t<\/div>\n\t\t\t\t<div class=\"elementor-element elementor-element-c7eef13 elementor-widget-divider--view-line elementor-widget elementor-widget-divider\" data-id=\"c7eef13\" data-element_type=\"widget\" data-widget_type=\"divider.default\">\n\t\t\t\t<div class=\"elementor-widget-container\">\n\t\t\t\t\t\t\t<div class=\"elementor-divider\">\n\t\t\t<span class=\"elementor-divider-separator\">\n\t\t\t\t\t\t<\/span>\n\t\t<\/div>\n\t\t\t\t\t\t<\/div>\n\t\t\t\t<\/div>\n\t\t\t\t<section class=\"elementor-section elementor-inner-section elementor-element elementor-element-77b3001 elementor-section-boxed elementor-section-height-default elementor-section-height-default\" data-id=\"77b3001\" data-element_type=\"section\">\n\t\t\t\t\t\t<div class=\"elementor-container elementor-column-gap-wider\">\n\t\t\t\t\t<div class=\"elementor-column elementor-col-50 elementor-inner-column elementor-element elementor-element-5d81612\" data-id=\"5d81612\" data-element_type=\"column\">\n\t\t\t<div class=\"elementor-widget-wrap elementor-element-populated\">\n\t\t\t\t\t\t<div class=\"elementor-element elementor-element-fb0dafb elementor-widget elementor-widget-text-editor\" data-id=\"fb0dafb\" data-element_type=\"widget\" data-widget_type=\"text-editor.default\">\n\t\t\t\t<div class=\"elementor-widget-container\">\n\t\t\t\t\t\t\t\t\t<p>Complete the form with your information and questions, and our team will contact you shortly.<\/p>\t\t\t\t\t\t\t\t<\/div>\n\t\t\t\t<\/div>\n\t\t\t\t<div class=\"elementor-element elementor-element-bf32f4a elementor-button-align-end elementor-widget elementor-widget-form\" data-id=\"bf32f4a\" data-element_type=\"widget\" data-settings=\"{&quot;step_next_label&quot;:&quot;Siguiente&quot;,&quot;step_previous_label&quot;:&quot;Anterior&quot;,&quot;step_type&quot;:&quot;number_text&quot;,&quot;step_icon_shape&quot;:&quot;circle&quot;}\" data-widget_type=\"form.default\">\n\t\t\t\t<div class=\"elementor-widget-container\">\n\t\t\t\t\t\t\t<form class=\"elementor-form\" method=\"post\" name=\"Formulario de contacto\" aria-label=\"Formulario de contacto\" action=\"\">\n\t\t\t<input type=\"hidden\" name=\"post_id\" value=\"23\"\/>\n\t\t\t<input type=\"hidden\" name=\"form_id\" value=\"bf32f4a\"\/>\n\t\t\t<input type=\"hidden\" name=\"referer_title\" value=\"Contacto - \u00c1rea De Influencia Consultores, Servicios Avanzados\" \/>\n\n\t\t\t\t\t\t\t<input type=\"hidden\" name=\"queried_id\" value=\"23\"\/>\n\t\t\t\n\t\t\t<div class=\"elementor-form-fields-wrapper elementor-labels-\">\n\t\t\t\t\t\t\t\t<div class=\"elementor-field-type-text elementor-field-group elementor-column elementor-field-group-name elementor-col-100 elementor-field-required\">\n\t\t\t\t\t\t\t\t\t\t\t\t<label for=\"form-field-name\" class=\"elementor-field-label elementor-screen-only\">\n\t\t\t\t\t\t\t\tName\t\t\t\t\t\t\t<\/label>\n\t\t\t\t\t\t\t\t\t\t\t\t\t\t<input size=\"1\" type=\"text\" name=\"form_fields[name]\" id=\"form-field-name\" class=\"elementor-field elementor-size-sm  elementor-field-textual\" placeholder=\"Name\" required=\"required\">\n\t\t\t\t\t\t\t\t\t\t\t<\/div>\n\t\t\t\t\t\t\t\t<div class=\"elementor-field-type-text elementor-field-group elementor-column elementor-field-group-field_fec6af7 elementor-col-100 elementor-field-required\">\n\t\t\t\t\t\t\t\t\t\t\t\t<label for=\"form-field-field_fec6af7\" class=\"elementor-field-label elementor-screen-only\">\n\t\t\t\t\t\t\t\tEmpresa\t\t\t\t\t\t\t<\/label>\n\t\t\t\t\t\t\t\t\t\t\t\t\t\t<input size=\"1\" type=\"text\" name=\"form_fields[field_fec6af7]\" id=\"form-field-field_fec6af7\" class=\"elementor-field elementor-size-sm  elementor-field-textual\" placeholder=\"Empresa\" required=\"required\">\n\t\t\t\t\t\t\t\t\t\t\t<\/div>\n\t\t\t\t\t\t\t\t<div class=\"elementor-field-type-tel elementor-field-group elementor-column elementor-field-group-field_eaca17a elementor-col-100 elementor-field-required\">\n\t\t\t\t\t\t\t\t\t\t\t\t<label for=\"form-field-field_eaca17a\" class=\"elementor-field-label elementor-screen-only\">\n\t\t\t\t\t\t\t\tPhone\t\t\t\t\t\t\t<\/label>\n\t\t\t\t\t\t\t\t<input size=\"1\" type=\"tel\" name=\"form_fields[field_eaca17a]\" id=\"form-field-field_eaca17a\" class=\"elementor-field elementor-size-sm  elementor-field-textual\" placeholder=\"Phone\" required=\"required\" pattern=\"[0-9()#&amp;+*-=.]+\" title=\"Solo se aceptan n\u00fameros y caracteres de tel\u00e9fono (#,-,*,etc).\">\n\n\t\t\t\t\t\t<\/div>\n\t\t\t\t\t\t\t\t<div class=\"elementor-field-type-email elementor-field-group elementor-column elementor-field-group-email elementor-col-100 elementor-field-required\">\n\t\t\t\t\t\t\t\t\t\t\t\t<label for=\"form-field-email\" class=\"elementor-field-label elementor-screen-only\">\n\t\t\t\t\t\t\t\tEmail\t\t\t\t\t\t\t<\/label>\n\t\t\t\t\t\t\t\t\t\t\t\t\t\t<input size=\"1\" type=\"email\" name=\"form_fields[email]\" id=\"form-field-email\" class=\"elementor-field elementor-size-sm  elementor-field-textual\" placeholder=\"Email\" required=\"required\">\n\t\t\t\t\t\t\t\t\t\t\t<\/div>\n\t\t\t\t\t\t\t\t<div class=\"elementor-field-type-html elementor-field-group elementor-column elementor-field-group-field_ecbf100 elementor-col-100\">\n\t\t\t\t\tServices\t\t\t\t<\/div>\n\t\t\t\t\t\t\t\t<div class=\"elementor-field-type-select elementor-field-group elementor-column elementor-field-group-field_527e72a elementor-col-100 elementor-field-required\">\n\t\t\t\t\t\t\t\t\t\t\t\t<label for=\"form-field-field_527e72a\" class=\"elementor-field-label elementor-screen-only\">\n\t\t\t\t\t\t\t\tServices\t\t\t\t\t\t\t<\/label>\n\t\t\t\t\t\t\t\t<div class=\"elementor-field elementor-select-wrapper remove-before\">\n\t\t\t<div class=\"select-caret-down-wrapper\">\n\t\t\t\t<svg aria-hidden=\"true\" class=\"e-font-icon-svg e-eicon-caret-down\" viewbox=\"0 0 571.4 571.4\" xmlns=\"http:\/\/www.w3.org\/2000\/svg\"><path d=\"M571 393Q571 407 561 418L311 668Q300 679 286 679T261 668L11 418Q0 407 0 393T11 368 36 357H536Q550 357 561 368T571 393Z\"><\/path><\/svg>\t\t\t<\/div>\n\t\t\t<select name=\"form_fields[field_527e72a]\" id=\"form-field-field_527e72a\" class=\"elementor-field-textual elementor-size-sm\" required=\"required\">\n\t\t\t\t\t\t\t\t\t<option value=\"Estudios sociales\">Social studies<\/option>\n\t\t\t\t\t\t\t\t\t<option value=\"Estudios ambientales\">Environmental studies<\/option>\n\t\t\t\t\t\t\t\t\t<option value=\"Estudios urbanos\">Urban planning<\/option>\n\t\t\t\t\t\t\t<\/select>\n\t\t<\/div>\n\t\t\t\t\t\t<\/div>\n\t\t\t\t\t\t\t\t<div class=\"elementor-field-type-textarea elementor-field-group elementor-column elementor-field-group-message elementor-col-100 elementor-field-required\">\n\t\t\t\t\t\t\t\t\t\t\t\t<label for=\"form-field-message\" class=\"elementor-field-label elementor-screen-only\">\n\t\t\t\t\t\t\t\tComments\t\t\t\t\t\t\t<\/label>\n\t\t\t\t\t\t<textarea class=\"elementor-field-textual elementor-field  elementor-size-sm\" name=\"form_fields[message]\" id=\"form-field-message\" rows=\"4\" placeholder=\"Comments\" required=\"required\"><\/textarea>\t\t\t\t<\/div>\n\t\t\t\t\t\t\t\t<div class=\"elementor-field-type-html elementor-field-group elementor-column elementor-field-group-field_455cdee elementor-col-100\">\n\t\t\t\t\tEnviar archivo (kmz, shp, kml, dwg, excel, xyz, csv, dxf)\t\t\t\t<\/div>\n\t\t\t\t\t\t\t\t<div class=\"elementor-field-type-upload elementor-field-group elementor-column elementor-field-group-field_c6480af elementor-col-100\">\n\t\t\t\t\t\t\t\t\t\t\t\t<label for=\"form-field-field_c6480af\" class=\"elementor-field-label elementor-screen-only\">\n\t\t\t\t\t\t\t\tFile\t\t\t\t\t\t\t<\/label>\n\t\t\t\t\t\t\t\t<input type=\"file\" name=\"form_fields[field_c6480af]\" id=\"form-field-field_c6480af\" class=\"elementor-field elementor-size-sm  elementor-upload-field\">\n\n\t\t\t\t\t\t<\/div>\n\t\t\t\t\t\t\t\t<div class=\"elementor-field-type-recaptcha elementor-field-group elementor-column elementor-field-group-field_363cb2a elementor-col-100\">\n\t\t\t\t\t<div class=\"elementor-field\" id=\"form-field-field_363cb2a\"><div class=\"elementor-g-recaptcha\" data-sitekey=\"6Lebh0MrAAAAAG3q6OLdzQchLKrf0em8ItlnF8xG\" data-type=\"v2_checkbox\" data-theme=\"light\" data-size=\"normal\"><\/div><\/div>\t\t\t\t<\/div>\n\t\t\t\t\t\t\t\t<div class=\"elementor-field-group elementor-column elementor-field-type-submit elementor-col-100 e-form__buttons\">\n\t\t\t\t\t<button class=\"elementor-button elementor-size-sm\" type=\"submit\">\n\t\t\t\t\t\t<span class=\"elementor-button-content-wrapper\">\n\t\t\t\t\t\t\t\t\t\t\t\t\t\t\t\t\t\t\t\t\t\t<span class=\"elementor-button-text\">Send<\/span>\n\t\t\t\t\t\t\t\t\t\t\t\t\t<\/span>\n\t\t\t\t\t<\/button>\n\t\t\t\t<\/div>\n\t\t\t<\/div>\n\t\t<input type=\"hidden\" name=\"trp-form-language\" value=\"en\"\/><\/form>\n\t\t\t\t\t\t<\/div>\n\t\t\t\t<\/div>\n\t\t\t\t\t<\/div>\n\t\t<\/div>\n\t\t\t\t<div class=\"elementor-column elementor-col-50 elementor-inner-column elementor-element elementor-element-0ac1044\" data-id=\"0ac1044\" data-element_type=\"column\">\n\t\t\t<div class=\"elementor-widget-wrap elementor-element-populated\">\n\t\t\t\t\t\t<div class=\"elementor-element elementor-element-0d8cafd elementor-invisible elementor-widget elementor-widget-image\" data-id=\"0d8cafd\" data-element_type=\"widget\" data-settings=\"{&quot;_animation&quot;:&quot;fadeInRight&quot;}\" data-widget_type=\"image.default\">\n\t\t\t\t<div class=\"elementor-widget-container\">\n\t\t\t\t\t\t\t\t\t\t\t\t\t\t\t<img fetchpriority=\"high\" decoding=\"async\" width=\"871\" height=\"669\" src=\"https:\/\/areadeinfluenciasc.com\/wp-content\/uploads\/2025\/03\/contacto.webp\" class=\"attachment-full size-full wp-image-392\" alt=\"\" srcset=\"https:\/\/areadeinfluenciasc.com\/wp-content\/uploads\/2025\/03\/contacto.webp 871w, https:\/\/areadeinfluenciasc.com\/wp-content\/uploads\/2025\/03\/contacto-300x230.webp 300w, https:\/\/areadeinfluenciasc.com\/wp-content\/uploads\/2025\/03\/contacto-768x590.webp 768w\" sizes=\"(max-width: 871px) 100vw, 871px\" \/>\t\t\t\t\t\t\t\t\t\t\t\t\t\t\t<\/div>\n\t\t\t\t<\/div>\n\t\t\t\t\t<\/div>\n\t\t<\/div>\n\t\t\t\t\t<\/div>\n\t\t<\/section>\n\t\t\t\t\t<\/div>\n\t\t<\/div>\n\t\t\t\t\t<\/div>\n\t\t<\/section>\n\t\t\t\t<\/div>","protected":false},"excerpt":{"rendered":"<p>Cont\u00e1ctanos Completa el formulario con tus datos y consultas, y nuestro equipo se pondr\u00e1 en contacto contigo a la brevedad.<\/p>","protected":false},"author":1,"featured_media":0,"parent":0,"menu_order":0,"comment_status":"closed","ping_status":"closed","template":"","meta":{"site-sidebar-layout":"no-sidebar","site-content-layout":"","ast-site-content-layout":"full-width-container","site-content-style":"default","site-sidebar-style":"default","ast-global-header-display":"","ast-banner-title-visibility":"","ast-main-header-display":"","ast-hfb-above-header-display":"","ast-hfb-below-header-display":"","ast-hfb-mobile-header-display":"","site-post-title":"disabled","ast-breadcrumbs-content":"","ast-featured-img":"disabled","footer-sml-layout":"","theme-transparent-header-meta":"default","adv-header-id-meta":"","stick-header-meta":"","header-above-stick-meta":"","header-main-stick-meta":"","header-below-stick-meta":"","astra-migrate-meta-layouts":"set","ast-page-background-enabled":"default","ast-page-background-meta":{"desktop":{"background-color":"var(--ast-global-color-5)","background-image":"","background-repeat":"repeat","background-position":"center center","background-size":"auto","background-attachment":"scroll","background-type":"","background-media":"","overlay-type":"","overlay-color":"","overlay-opacity":"","overlay-gradient":""},"tablet":{"background-color":"","background-image":"","background-repeat":"repeat","background-position":"center center","background-size":"auto","background-attachment":"scroll","background-type":"","background-media":"","overlay-type":"","overlay-color":"","overlay-opacity":"","overlay-gradient":""},"mobile":{"background-color":"","background-image":"","background-repeat":"repeat","background-position":"center center","background-size":"auto","background-attachment":"scroll","background-type":"","background-media":"","overlay-type":"","overlay-color":"","overlay-opacity":"","overlay-gradient":""}},"ast-content-background-meta":{"desktop":{"background-color":"var(--ast-global-color-4)","background-image":"","background-repeat":"repeat","background-position":"center center","background-size":"auto","background-attachment":"scroll","background-type":"","background-media":"","overlay-type":"","overlay-color":"","overlay-opacity":"","overlay-gradient":""},"tablet":{"background-color":"var(--ast-global-color-4)","background-image":"","background-repeat":"repeat","background-position":"center center","background-size":"auto","background-attachment":"scroll","background-type":"","background-media":"","overlay-type":"","overlay-color":"","overlay-opacity":"","overlay-gradient":""},"mobile":{"background-color":"var(--ast-global-color-4)","background-image":"","background-repeat":"repeat","background-position":"center center","background-size":"auto","background-attachment":"scroll","background-type":"","background-media":"","overlay-type":"","overlay-color":"","overlay-opacity":"","overlay-gradient":""}},"footnotes":""},"class_list":["post-23","page","type-page","status-publish","hentry"],"yoast_head":"<!-- This site is optimized with the Yoast SEO plugin v25.6 - https:\/\/yoast.com\/wordpress\/plugins\/seo\/ -->\n<title>Contacto - \u00c1rea De Influencia Consultores, Servicios Avanzados<\/title>\n<meta name=\"robots\" content=\"index, follow, max-snippet:-1, max-image-preview:large, max-video-preview:-1\" \/>\n<link rel=\"canonical\" href=\"https:\/\/areadeinfluenciasc.com\/en\/contacto\/\" \/>\n<meta property=\"og:locale\" content=\"en_US\" \/>\n<meta property=\"og:type\" content=\"article\" \/>\n<meta property=\"og:title\" content=\"Contacto - \u00c1rea De Influencia Consultores, Servicios Avanzados\" \/>\n<meta property=\"og:description\" content=\"Cont\u00e1ctanos Completa el formulario con tus datos y consultas, y nuestro equipo se pondr\u00e1 en contacto contigo a la brevedad.\" \/>\n<meta property=\"og:url\" content=\"https:\/\/areadeinfluenciasc.com\/en\/contacto\/\" \/>\n<meta property=\"og:site_name\" content=\"\u00c1rea De Influencia Consultores, Servicios Avanzados\" \/>\n<meta property=\"article:modified_time\" content=\"2025-05-21T16:52:14+00:00\" \/>\n<meta property=\"og:image\" content=\"https:\/\/areadeinfluenciasc.com\/wp-content\/uploads\/2025\/03\/contacto.webp\" \/>\n\t<meta property=\"og:image:width\" content=\"871\" \/>\n\t<meta property=\"og:image:height\" content=\"669\" \/>\n\t<meta property=\"og:image:type\" content=\"image\/webp\" \/>\n<meta name=\"twitter:card\" content=\"summary_large_image\" \/>\n<meta name=\"twitter:label1\" content=\"Est. reading time\" \/>\n\t<meta name=\"twitter:data1\" content=\"1 minute\" \/>\n<script type=\"application\/ld+json\" class=\"yoast-schema-graph\">{\"@context\":\"https:\/\/schema.org\",\"@graph\":[{\"@type\":\"WebPage\",\"@id\":\"https:\/\/areadeinfluenciasc.com\/contacto\/\",\"url\":\"https:\/\/areadeinfluenciasc.com\/contacto\/\",\"name\":\"Contacto - \u00c1rea De Influencia Consultores, Servicios Avanzados\",\"isPartOf\":{\"@id\":\"https:\/\/areadeinfluenciasc.com\/#website\"},\"primaryImageOfPage\":{\"@id\":\"https:\/\/areadeinfluenciasc.com\/contacto\/#primaryimage\"},\"image\":{\"@id\":\"https:\/\/areadeinfluenciasc.com\/contacto\/#primaryimage\"},\"thumbnailUrl\":\"https:\/\/areadeinfluenciasc.com\/wp-content\/uploads\/2025\/03\/contacto.webp\",\"datePublished\":\"2025-03-24T18:07:18+00:00\",\"dateModified\":\"2025-05-21T16:52:14+00:00\",\"breadcrumb\":{\"@id\":\"https:\/\/areadeinfluenciasc.com\/contacto\/#breadcrumb\"},\"inLanguage\":\"en-US\",\"potentialAction\":[{\"@type\":\"ReadAction\",\"target\":[\"https:\/\/areadeinfluenciasc.com\/contacto\/\"]}]},{\"@type\":\"ImageObject\",\"inLanguage\":\"en-US\",\"@id\":\"https:\/\/areadeinfluenciasc.com\/contacto\/#primaryimage\",\"url\":\"https:\/\/areadeinfluenciasc.com\/wp-content\/uploads\/2025\/03\/contacto.webp\",\"contentUrl\":\"https:\/\/areadeinfluenciasc.com\/wp-content\/uploads\/2025\/03\/contacto.webp\"},{\"@type\":\"BreadcrumbList\",\"@id\":\"https:\/\/areadeinfluenciasc.com\/contacto\/#breadcrumb\",\"itemListElement\":[{\"@type\":\"ListItem\",\"position\":1,\"name\":\"Portada\",\"item\":\"https:\/\/areadeinfluenciasc.com\/\"},{\"@type\":\"ListItem\",\"position\":2,\"name\":\"Contacto\"}]},{\"@type\":\"WebSite\",\"@id\":\"https:\/\/areadeinfluenciasc.com\/#website\",\"url\":\"https:\/\/areadeinfluenciasc.com\/\",\"name\":\"\u00c1REA DE INFLUENCIA\",\"description\":\"Soluciones integrales y avanzadas en las \u00e1reas social, ambiental y urbana.\",\"publisher\":{\"@id\":\"https:\/\/areadeinfluenciasc.com\/#organization\"},\"potentialAction\":[{\"@type\":\"SearchAction\",\"target\":{\"@type\":\"EntryPoint\",\"urlTemplate\":\"https:\/\/areadeinfluenciasc.com\/?s={search_term_string}\"},\"query-input\":{\"@type\":\"PropertyValueSpecification\",\"valueRequired\":true,\"valueName\":\"search_term_string\"}}],\"inLanguage\":\"en-US\"},{\"@type\":\"Organization\",\"@id\":\"https:\/\/areadeinfluenciasc.com\/#organization\",\"name\":\"\u00c1REA DE INFLUENCIA\",\"url\":\"https:\/\/areadeinfluenciasc.com\/\",\"logo\":{\"@type\":\"ImageObject\",\"inLanguage\":\"en-US\",\"@id\":\"https:\/\/areadeinfluenciasc.com\/#\/schema\/logo\/image\/\",\"url\":\"https:\/\/areadeinfluenciasc.com\/wp-content\/uploads\/2025\/05\/cropped-EMBLEMA-AIC_1.png\",\"contentUrl\":\"https:\/\/areadeinfluenciasc.com\/wp-content\/uploads\/2025\/05\/cropped-EMBLEMA-AIC_1.png\",\"width\":512,\"height\":512,\"caption\":\"\u00c1REA DE INFLUENCIA\"},\"image\":{\"@id\":\"https:\/\/areadeinfluenciasc.com\/#\/schema\/logo\/image\/\"}}]}<\/script>\n<!-- \/ Yoast SEO plugin. -->","yoast_head_json":{"title":"Contacto - \u00c1rea De Influencia Consultores, Servicios Avanzados","robots":{"index":"index","follow":"follow","max-snippet":"max-snippet:-1","max-image-preview":"max-image-preview:large","max-video-preview":"max-video-preview:-1"},"canonical":"https:\/\/areadeinfluenciasc.com\/en\/contacto\/","og_locale":"en_US","og_type":"article","og_title":"Contacto - \u00c1rea De Influencia Consultores, Servicios Avanzados","og_description":"Cont\u00e1ctanos Completa el formulario con tus datos y consultas, y nuestro equipo se pondr\u00e1 en contacto contigo a la brevedad.","og_url":"https:\/\/areadeinfluenciasc.com\/en\/contacto\/","og_site_name":"\u00c1rea De Influencia Consultores, Servicios Avanzados","article_modified_time":"2025-05-21T16:52:14+00:00","og_image":[{"width":871,"height":669,"url":"https:\/\/areadeinfluenciasc.com\/wp-content\/uploads\/2025\/03\/contacto.webp","type":"image\/webp"}],"twitter_card":"summary_large_image","twitter_misc":{"Est. reading time":"1 minute"},"schema":{"@context":"https:\/\/schema.org","@graph":[{"@type":"WebPage","@id":"https:\/\/areadeinfluenciasc.com\/contacto\/","url":"https:\/\/areadeinfluenciasc.com\/contacto\/","name":"Contacto - \u00c1rea De Influencia Consultores, Servicios Avanzados","isPartOf":{"@id":"https:\/\/areadeinfluenciasc.com\/#website"},"primaryImageOfPage":{"@id":"https:\/\/areadeinfluenciasc.com\/contacto\/#primaryimage"},"image":{"@id":"https:\/\/areadeinfluenciasc.com\/contacto\/#primaryimage"},"thumbnailUrl":"https:\/\/areadeinfluenciasc.com\/wp-content\/uploads\/2025\/03\/contacto.webp","datePublished":"2025-03-24T18:07:18+00:00","dateModified":"2025-05-21T16:52:14+00:00","breadcrumb":{"@id":"https:\/\/areadeinfluenciasc.com\/contacto\/#breadcrumb"},"inLanguage":"en-US","potentialAction":[{"@type":"ReadAction","target":["https:\/\/areadeinfluenciasc.com\/contacto\/"]}]},{"@type":"ImageObject","inLanguage":"en-US","@id":"https:\/\/areadeinfluenciasc.com\/contacto\/#primaryimage","url":"https:\/\/areadeinfluenciasc.com\/wp-content\/uploads\/2025\/03\/contacto.webp","contentUrl":"https:\/\/areadeinfluenciasc.com\/wp-content\/uploads\/2025\/03\/contacto.webp"},{"@type":"BreadcrumbList","@id":"https:\/\/areadeinfluenciasc.com\/contacto\/#breadcrumb","itemListElement":[{"@type":"ListItem","position":1,"name":"Portada","item":"https:\/\/areadeinfluenciasc.com\/"},{"@type":"ListItem","position":2,"name":"Contacto"}]},{"@type":"WebSite","@id":"https:\/\/areadeinfluenciasc.com\/#website","url":"https:\/\/areadeinfluenciasc.com\/","name":"\u00c1REA DE INFLUENCIA","description":"Soluciones integrales y avanzadas en las \u00e1reas social, ambiental y urbana.","publisher":{"@id":"https:\/\/areadeinfluenciasc.com\/#organization"},"potentialAction":[{"@type":"SearchAction","target":{"@type":"EntryPoint","urlTemplate":"https:\/\/areadeinfluenciasc.com\/?s={search_term_string}"},"query-input":{"@type":"PropertyValueSpecification","valueRequired":true,"valueName":"search_term_string"}}],"inLanguage":"en-US"},{"@type":"Organization","@id":"https:\/\/areadeinfluenciasc.com\/#organization","name":"\u00c1REA DE INFLUENCIA","url":"https:\/\/areadeinfluenciasc.com\/","logo":{"@type":"ImageObject","inLanguage":"en-US","@id":"https:\/\/areadeinfluenciasc.com\/#\/schema\/logo\/image\/","url":"https:\/\/areadeinfluenciasc.com\/wp-content\/uploads\/2025\/05\/cropped-EMBLEMA-AIC_1.png","contentUrl":"https:\/\/areadeinfluenciasc.com\/wp-content\/uploads\/2025\/05\/cropped-EMBLEMA-AIC_1.png","width":512,"height":512,"caption":"\u00c1REA DE INFLUENCIA"},"image":{"@id":"https:\/\/areadeinfluenciasc.com\/#\/schema\/logo\/image\/"}}]}},"_links":{"self":[{"href":"https:\/\/areadeinfluenciasc.com\/en\/wp-json\/wp\/v2\/pages\/23","targetHints":{"allow":["GET"]}}],"collection":[{"href":"https:\/\/areadeinfluenciasc.com\/en\/wp-json\/wp\/v2\/pages"}],"about":[{"href":"https:\/\/areadeinfluenciasc.com\/en\/wp-json\/wp\/v2\/types\/page"}],"author":[{"embeddable":true,"href":"https:\/\/areadeinfluenciasc.com\/en\/wp-json\/wp\/v2\/users\/1"}],"replies":[{"embeddable":true,"href":"https:\/\/areadeinfluenciasc.com\/en\/wp-json\/wp\/v2\/comments?post=23"}],"version-history":[{"count":0,"href":"https:\/\/areadeinfluenciasc.com\/en\/wp-json\/wp\/v2\/pages\/23\/revisions"}],"wp:attachment":[{"href":"https:\/\/areadeinfluenciasc.com\/en\/wp-json\/wp\/v2\/media?parent=23"}],"curies":[{"name":"wp","href":"https:\/\/api.w.org\/{rel}","templated":true}]}}